{"id":1575,"date":"2024-08-26T15:32:56","date_gmt":"2024-08-26T15:32:56","guid":{"rendered":"https:\/\/christophestadler.com\/willkommen\/"},"modified":"2025-11-13T15:36:52","modified_gmt":"2025-11-13T15:36:52","slug":"willkommen","status":"publish","type":"page","link":"https:\/\/christophestadler.com\/de\/","title":{"rendered":"Willkommen"},"content":{"rendered":"<p>[et_pb_section fb_built=&#8220;1&#8243; fullwidth=&#8220;on&#8220; custom_padding_last_edited=&#8220;on|phone&#8220; admin_label=&#8220;Main Header Image&#8220; _builder_version=&#8220;4.27.4&#8243; _module_preset=&#8220;default&#8220; background_image=&#8220;https:\/\/christophestadler.com\/wp-content\/uploads\/2025\/02\/chrisstadler_guitars_plectrums_heroOpt-1.jpg&#8220; background_size=&#8220;contain&#8220; custom_margin_tablet=&#8220;0px||||false|false&#8220; custom_margin_phone=&#8220;0px||||false|false&#8220; custom_margin_last_edited=&#8220;on|phone&#8220; custom_padding=&#8220;40vw||||false|false&#8220; custom_padding_tablet=&#8220;103vw||||false|false&#8220; custom_padding_phone=&#8220;103vw||||false|false&#8220; hover_enabled=&#8220;0&#8243; background_last_edited=&#8220;on|desktop&#8220; use_background_color_gradient_tablet=&#8220;off&#8220; parallax_tablet=&#8220;off&#8220; background_size_tablet=&#8220;contain&#8220; background_size_phone=&#8220;contain&#8220; background_position_tablet=&#8220;top_center&#8220; global_colors_info=&#8220;{}&#8220; title_text=&#8220;chrisstadler_guitars_plectrums_heroOpt-1&#8243; sticky_enabled=&#8220;0&#8243;][et_pb_fullwidth_header title=&#8220;Chris Stadler Gitarren &amp; Plektren&#8220; admin_label=&#8220;Opening Statement&#8220; _builder_version=&#8220;4.27.0&#8243; _module_preset=&#8220;default&#8220; content_text_color=&#8220;#000000&#8243; content_line_height=&#8220;1.9em&#8220; background_enable_color=&#8220;off&#8220; use_background_color_gradient=&#8220;on&#8220; background_color_gradient_direction=&#8220;1deg&#8220; background_color_gradient_stops=&#8220;#ffffff 0%|rgba(255,255,255,0.8) 100%&#8220; background_layout=&#8220;light&#8220; custom_margin_tablet=&#8220;||||false|false&#8220; custom_margin_phone=&#8220;||||false|false&#8220; custom_margin_last_edited=&#8220;on|tablet&#8220; custom_padding_tablet=&#8220;&#8220; custom_padding_phone=&#8220;||||false|false&#8220; custom_padding_last_edited=&#8220;on|tablet&#8220; background_last_edited=&#8220;on|desktop&#8220; global_colors_info=&#8220;{}&#8220;]<\/p>\n<p><strong><\/strong><\/p>\n<p><strong>Willkommen in meiner kleinen Welt<\/strong>, in der die Kunst des Designs auf die Seele der Musik trifft.<\/p>\n<p>&nbsp;<\/p>\n<p>Mit einem Hintergrund als Designer und Ingenieur \u2013 und \u00fcber 40 Jahren Erfahrung als Gitarrist \u2013 gestalte ich jedes Detail mit dem Anspruch, Sch\u00f6nheit und Funktionalit\u00e4t zu vereinen. Doch der Musiker in mir verlangt mehr: ein Instrument, das sich m\u00fchelos spielt, einen Klang, der ber\u00fchrt, tonale M\u00f6glichkeiten, die inspirieren, und eine Ergonomie, die sich wie eine zweite Haut anf\u00fchlt.  <\/p>\n<p>&nbsp;<\/p>\n<p>Ich bin \u00fcberzeugt: Die besten Gitarren und Plektren entstehen nicht durch blo\u00dfe Verfeinerung oder Abwandlung bestehender Modelle. Stattdessen \u00fcberdenke ich jeden Aspekt komplett neu \u2013 frei von den Vorgaben, die durch herk\u00f6mmliche Bauweisen und Standardkomponenten vorgegeben sind. So entwerfe ich jedes Element von Grund auf, f\u00fcr Instrumente, die nicht nur optisch \u00fcberzeugen, sondern eine eigene, unverwechselbare Stimme haben und sich perfekt anf\u00fchlen. Dabei setze ich auf nat\u00fcrliche, biologisch abbaubare Materialien, damit deine Musik nicht nur gro\u00dfartig klingt, sondern auch im Einklang mit der Umwelt steht.  <\/p>\n<p>&nbsp;<\/p>\n<p>[\/et_pb_fullwidth_header][\/et_pb_section][et_pb_section fb_built=&#8220;1&#8243; _builder_version=&#8220;4.27.0&#8243; _module_preset=&#8220;default&#8220; background_color=&#8220;#4f3600&#8243; custom_padding=&#8220;0px||0px||true|false&#8220; global_colors_info=&#8220;{}&#8220;][et_pb_row _builder_version=&#8220;4.27.0&#8243; _module_preset=&#8220;default&#8220; global_colors_info=&#8220;{}&#8220;][et_pb_column type=&#8220;4_4&#8243; _builder_version=&#8220;4.27.0&#8243; _module_preset=&#8220;default&#8220; global_colors_info=&#8220;{}&#8220;][et_pb_heading title=&#8220;Ein Leben ohne Gitarren ist wie eine Gitarre ohne Saiten&#8220; _builder_version=&#8220;4.27.0&#8243; _module_preset=&#8220;default&#8220; title_text_color=&#8220;#FFFFFF&#8220; global_colors_info=&#8220;{}&#8220;][\/et_pb_heading][\/et_pb_column][\/et_pb_row][\/et_pb_section][et_pb_section fb_built=&#8220;1&#8243; inner_shadow=&#8220;on&#8220; make_equal=&#8220;on&#8220; specialty=&#8220;on&#8220; padding_top_1=&#8220;0px&#8220; padding_top_2=&#8220;0px&#8220; padding_right_1=&#8220;0px&#8220; padding_bottom_1=&#8220;0px&#8220; padding_bottom_2=&#8220;0px&#8220; padding_left_1=&#8220;0px&#8220; padding_top_bottom_link_1=&#8220;true&#8220; padding_top_bottom_link_2=&#8220;true&#8220; padding_left_right_link_1=&#8220;true&#8220; padding_left_right_link_2=&#8220;false&#8220; admin_label=&#8220;Guitars Section&#8220; _builder_version=&#8220;4.27.0&#8243; _module_preset=&#8220;default&#8220; custom_margin=&#8220;0px|0px|0px|0px|true|true&#8220; custom_padding=&#8220;0px|0px|0px|0px|true|true&#8220; custom_css_main_element=&#8220;display: flex;||flex-wrap: wrap;&#8220; global_colors_info=&#8220;{}&#8220;][et_pb_column type=&#8220;1_2&#8243; _builder_version=&#8220;4.16&#8243; custom_padding=&#8220;|||&#8220; global_colors_info=&#8220;{}&#8220; custom_padding__hover=&#8220;|||&#8220;][et_pb_gallery gallery_ids=&#8220;815,817,819,821,823,825,827,829&#8243; fullwidth=&#8220;on&#8220; _builder_version=&#8220;4.27.0&#8243; _module_preset=&#8220;default&#8220; auto=&#8220;on&#8220; auto_speed=&#8220;3000&#8243; global_colors_info=&#8220;{}&#8220;][\/et_pb_gallery][\/et_pb_column][et_pb_column type=&#8220;1_2&#8243; specialty_columns=&#8220;2&#8243; _builder_version=&#8220;4.16&#8243; custom_padding=&#8220;|||&#8220; global_colors_info=&#8220;{}&#8220; custom_padding__hover=&#8220;|||&#8220;][et_pb_row_inner _builder_version=&#8220;4.27.0&#8243; _module_preset=&#8220;default&#8220; global_colors_info=&#8220;{}&#8220;][et_pb_column_inner saved_specialty_column_type=&#8220;1_2&#8243; _builder_version=&#8220;4.27.0&#8243; _module_preset=&#8220;default&#8220; global_colors_info=&#8220;{}&#8220;][et_pb_text _builder_version=&#8220;4.27.0&#8243; _module_preset=&#8220;default&#8220; custom_margin=&#8220;0px||0px||true|false&#8220; custom_padding=&#8220;10px||||false|false&#8220; global_colors_info=&#8220;{}&#8220;]<\/p>\n<h1>Meine Gitarren<\/h1>\n<p>[\/et_pb_text][et_pb_divider color=&#8220;rgba(0,0,0,0.12)&#8220; _builder_version=&#8220;4.27.0&#8243; max_width=&#8220;70%&#8220; height=&#8220;10px&#8220; custom_margin=&#8220;0px||0px||true|false&#8220; custom_padding=&#8220;0px||0px||true|false&#8220; global_module=&#8220;403&#8243; saved_tabs=&#8220;all&#8220; locked=&#8220;off&#8220; global_colors_info=&#8220;{}&#8220;][\/et_pb_divider][et_pb_text _builder_version=&#8220;4.27.0&#8243; _module_preset=&#8220;default&#8220; custom_margin=&#8220;0px||0px||true|false&#8220; custom_padding=&#8220;0px||0px||true|false&#8220; global_module=&#8220;388&#8243; saved_tabs=&#8220;all&#8220; global_colors_info=&#8220;{}&#8220;]<\/p>\n<p>Some guitars have a rare magic that makes playing feel effortless, where the music flows naturally, and you find yourself playing things you didn\u2019t even know were in you. Technique and music theory fade into the background as the guitar opens the floodgates of creativity. I\u2019ve always been fascinated by these guitars, and these have always been the guitars I\u2019ve strived to create.<\/p>\n<p>So I think of my guitars as vessels of inspiration, crafted to capture that rare, intangible magic that fuels a musician&#8217;s deepest expression. Each of my guitars is built for killer tone and effortless playability, using carefully selected, seasoned tonewoods and versatile sonic options that push beyond the ordinary. Every curve, every detail is meticulously designed not just to sound amazing, but to feel right and make your heart beat faster every time you pick it up.<\/p>\n<p>[\/et_pb_text][\/et_pb_column_inner][\/et_pb_row_inner][et_pb_row_inner _builder_version=&#8220;4.27.0&#8243; _module_preset=&#8220;default&#8220; custom_padding=&#8220;0px||0px||true|false&#8220; global_colors_info=&#8220;{}&#8220;][et_pb_column_inner saved_specialty_column_type=&#8220;1_2&#8243; _builder_version=&#8220;4.27.0&#8243; _module_preset=&#8220;default&#8220; global_colors_info=&#8220;{}&#8220;][et_pb_button button_url=&#8220;https:\/\/christophestadler.com\/guitars\/&#8220; button_text=&#8220;Entdecken Sie die aktuellen Gitarrenmodelle &#8230;&#8220; _builder_version=&#8220;4.27.0&#8243; _module_preset=&#8220;default&#8220; custom_button=&#8220;on&#8220; button_text_size=&#8220;13px&#8220; button_text_color=&#8220;#FFFFFF&#8220; button_bg_color=&#8220;#056484&#8243; button_border_width=&#8220;1px&#8220; button_border_color=&#8220;#7CDA24&#8243; button_border_radius=&#8220;10px&#8220; button_font=&#8220;|700|on||||||&#8220; button_icon=&#8220;&#x24;||divi||400&#8243; button_icon_color=&#8220;#FFFFFF&#8220; custom_margin=&#8220;||23px||false|false&#8220; custom_padding=&#8220;||||false&#8220; animation_style=&#8220;zoom&#8220; animation_delay=&#8220;900ms&#8220; button_text_shadow_style=&#8220;preset5&#8243; box_shadow_style=&#8220;preset2&#8243; box_shadow_horizontal=&#8220;5px&#8220; box_shadow_blur=&#8220;12px&#8220; box_shadow_spread=&#8220;-6px&#8220; box_shadow_color=&#8220;rgba(0,0,0,0.76)&#8220; global_colors_info=&#8220;{}&#8220;][\/et_pb_button][\/et_pb_column_inner][\/et_pb_row_inner][\/et_pb_column][\/et_pb_section][et_pb_section fb_built=&#8220;1&#8243; _builder_version=&#8220;4.27.0&#8243; _module_preset=&#8220;default&#8220; background_color=&#8220;#4f3600&#8243; custom_padding=&#8220;0px||0px||true|false&#8220; global_colors_info=&#8220;{}&#8220;][et_pb_row _builder_version=&#8220;4.27.0&#8243; _module_preset=&#8220;default&#8220; global_colors_info=&#8220;{}&#8220;][et_pb_column type=&#8220;4_4&#8243; _builder_version=&#8220;4.27.0&#8243; _module_preset=&#8220;default&#8220; global_colors_info=&#8220;{}&#8220;][et_pb_heading title=&#8220;Es liegt alles in den H\u00e4nden &#8230;&#8220; _builder_version=&#8220;4.27.0&#8243; _module_preset=&#8220;default&#8220; title_text_color=&#8220;#FFFFFF&#8220; global_colors_info=&#8220;{}&#8220;][\/et_pb_heading][\/et_pb_column][\/et_pb_row][\/et_pb_section][et_pb_section fb_built=&#8220;1&#8243; inner_shadow=&#8220;on&#8220; _builder_version=&#8220;4.27.0&#8243; _module_preset=&#8220;default&#8220; custom_margin=&#8220;0px||0px||true|false&#8220; custom_padding=&#8220;0px||0px||true|false&#8220; custom_css_main_element=&#8220;display: flex;||flex-wrap: wrap;&#8220; border_width_bottom=&#8220;1px&#8220; border_color_bottom=&#8220;rgba(0,0,0,0.09)&#8220; global_colors_info=&#8220;{}&#8220;][et_pb_row column_structure=&#8220;1_2,1_2&#8243; _builder_version=&#8220;4.27.0&#8243; _module_preset=&#8220;default&#8220; custom_margin=&#8220;0px||0px||true|false&#8220; custom_padding=&#8220;0px||0px||true|false&#8220; custom_css_main_element=&#8220;display: flex;||flex-wrap: wrap;&#8220; global_colors_info=&#8220;{}&#8220;][et_pb_column type=&#8220;1_2&#8243; _builder_version=&#8220;4.27.0&#8243; _module_preset=&#8220;default&#8220; custom_padding=&#8220;21px||||false|false&#8220; global_colors_info=&#8220;{}&#8220; custom_css_main_element_last_edited=&#8220;on|tablet&#8220; custom_css_main_element_phone=&#8220;order: 2;&#8220; custom_css_main_element_tablet=&#8220;order: 2;&#8220;][et_pb_text admin_label=&#8220;PlectrumsTitle&#8220; _builder_version=&#8220;4.27.0&#8243; _module_preset=&#8220;default&#8220; custom_margin=&#8220;0px||0px||true|false&#8220; custom_padding=&#8220;10px||||false|false&#8220; global_colors_info=&#8220;{}&#8220;]<\/p>\n<h1>Meine Plektren<\/h1>\n<p>[\/et_pb_text][et_pb_divider color=&#8220;rgba(0,0,0,0.12)&#8220; _builder_version=&#8220;4.27.0&#8243; max_width=&#8220;70%&#8220; height=&#8220;10px&#8220; custom_margin=&#8220;0px||0px||true|false&#8220; custom_padding=&#8220;0px||0px||true|false&#8220; global_module=&#8220;403&#8243; saved_tabs=&#8220;all&#8220; locked=&#8220;off&#8220; global_colors_info=&#8220;{}&#8220;][\/et_pb_divider][et_pb_text _builder_version=&#8220;4.27.0&#8243; _module_preset=&#8220;ed72d21a-8b50-482c-99b9-428a2fb7dd1d&#8220; global_colors_info=&#8220;{}&#8220;]<\/p>\n<p>Irgendwo zwischen deinen Fingern und den Saiten liegt der fehlende Baustein, der dein volles musikalisches Potenzial freisetzt: ein Plektrum, das mehr ist als nur ein Anschlag. Meine Plektren sind der Punkt, an dem alles zusammenkommt \u2013 deine \u00dcbung, dein Setup, deine Inspiration. Hier wird aus Ideen sofort Musik \u2013 pr\u00e4zise, ausdrucksstark, lebendig.  <\/p>\n<p>Aus nat\u00fcrlichem Horn gefertigt und mit ergonomischen 3D-Formen designed, finden sie automatisch ihre optimale Position in deiner Hand. Horn wird bei Schwei\u00df griffiger \u2013 kein Rutschen wie bei Plastik \u2013 f\u00fcr eine entspanntere Handhaltung, mehr Nuancen und bessere Dynamik. Und nat\u00fcrlich: vollst\u00e4ndig biologisch abbaubar.   <\/p>\n<p>[\/et_pb_text][et_pb_button button_url=&#8220;https:\/\/christophestadler.com\/plectrums\/&#8220; button_text=&#8220;Entdecken Sie die aktuellen Plektrum-Modelle &#8230;&#8220; _builder_version=&#8220;4.27.0&#8243; _module_preset=&#8220;default&#8220; custom_button=&#8220;on&#8220; button_text_size=&#8220;13px&#8220; button_text_color=&#8220;#FFFFFF&#8220; button_bg_color=&#8220;#056484&#8243; button_border_width=&#8220;1px&#8220; button_border_color=&#8220;#7CDA24&#8243; button_border_radius=&#8220;10px&#8220; button_font=&#8220;|700|on||||||&#8220; button_icon=&#8220;&#x24;||divi||400&#8243; button_icon_color=&#8220;#FFFFFF&#8220; custom_margin=&#8220;||23px||false|false&#8220; custom_padding=&#8220;||||false&#8220; animation_style=&#8220;zoom&#8220; animation_delay=&#8220;900ms&#8220; button_text_shadow_style=&#8220;preset5&#8243; box_shadow_style=&#8220;preset2&#8243; box_shadow_horizontal=&#8220;5px&#8220; box_shadow_blur=&#8220;12px&#8220; box_shadow_spread=&#8220;-6px&#8220; box_shadow_color=&#8220;rgba(0,0,0,0.76)&#8220; global_colors_info=&#8220;{}&#8220;][\/et_pb_button][\/et_pb_column][et_pb_column type=&#8220;1_2&#8243; _builder_version=&#8220;4.27.0&#8243; _module_preset=&#8220;default&#8220; global_colors_info=&#8220;{}&#8220; custom_css_main_element_last_edited=&#8220;on|tablet&#8220; custom_css_main_element_phone=&#8220;order: 1;&#8220; custom_css_main_element_tablet=&#8220;order: 1;&#8220;][et_pb_gallery gallery_ids=&#8220;799,793,789,801,795,791,797&#8243; fullwidth=&#8220;on&#8220; _builder_version=&#8220;4.27.0&#8243; _module_preset=&#8220;default&#8220; auto=&#8220;on&#8220; auto_speed=&#8220;3500&#8243; global_colors_info=&#8220;{}&#8220;][\/et_pb_gallery][\/et_pb_column][\/et_pb_row][\/et_pb_section][et_pb_section fb_built=&#8220;1&#8243; _builder_version=&#8220;4.27.0&#8243; _module_preset=&#8220;default&#8220; background_color=&#8220;#4f3600&#8243; custom_padding=&#8220;0px||0px||true|false&#8220; global_colors_info=&#8220;{}&#8220;][et_pb_row _builder_version=&#8220;4.27.0&#8243; _module_preset=&#8220;default&#8220; global_colors_info=&#8220;{}&#8220;][et_pb_column type=&#8220;4_4&#8243; _builder_version=&#8220;4.27.0&#8243; _module_preset=&#8220;default&#8220; global_colors_info=&#8220;{}&#8220;][et_pb_heading title=&#8220;Verlieren Sie nie wieder Ihr Plektrum&#8220; _builder_version=&#8220;4.27.0&#8243; _module_preset=&#8220;default&#8220; title_text_color=&#8220;#FFFFFF&#8220; custom_padding=&#8220;2px|||||&#8220; global_colors_info=&#8220;{}&#8220;][\/et_pb_heading][\/et_pb_column][\/et_pb_row][\/et_pb_section][et_pb_section fb_built=&#8220;1&#8243; inner_shadow=&#8220;on&#8220; specialty=&#8220;on&#8220; padding_top_1=&#8220;0px&#8220; padding_top_2=&#8220;0px&#8220; padding_bottom_1=&#8220;0px&#8220; padding_bottom_2=&#8220;0px&#8220; padding_top_bottom_link_1=&#8220;true&#8220; padding_top_bottom_link_2=&#8220;true&#8220; padding_left_right_link_1=&#8220;false&#8220; padding_left_right_link_2=&#8220;false&#8220; admin_label=&#8220;Pickbox Section&#8220; _builder_version=&#8220;4.27.0&#8243; _module_preset=&#8220;default&#8220; custom_margin=&#8220;0px||0px||true|false&#8220; custom_padding=&#8220;0px||0px||true|false&#8220; global_colors_info=&#8220;{}&#8220;][et_pb_column type=&#8220;1_2&#8243; _builder_version=&#8220;4.16&#8243; custom_padding=&#8220;|||&#8220; global_colors_info=&#8220;{}&#8220; custom_padding__hover=&#8220;|||&#8220;][et_pb_gallery gallery_ids=&#8220;811,813,805,803,809,807&#8243; fullwidth=&#8220;on&#8220; _builder_version=&#8220;4.27.0&#8243; _module_preset=&#8220;default&#8220; auto=&#8220;on&#8220; auto_speed=&#8220;3200&#8243; global_colors_info=&#8220;{}&#8220;][\/et_pb_gallery][\/et_pb_column][et_pb_column type=&#8220;1_2&#8243; specialty_columns=&#8220;2&#8243; _builder_version=&#8220;4.16&#8243; custom_padding=&#8220;|||&#8220; global_colors_info=&#8220;{}&#8220; custom_padding__hover=&#8220;|||&#8220;][et_pb_row_inner _builder_version=&#8220;4.27.0&#8243; _module_preset=&#8220;default&#8220; global_colors_info=&#8220;{}&#8220;][et_pb_column_inner saved_specialty_column_type=&#8220;1_2&#8243; _builder_version=&#8220;4.27.0&#8243; _module_preset=&#8220;default&#8220; global_colors_info=&#8220;{}&#8220;][et_pb_text _builder_version=&#8220;4.27.0&#8243; _module_preset=&#8220;default&#8220; custom_margin=&#8220;||0px||false|false&#8220; custom_padding=&#8220;||0px||false|false&#8220; global_colors_info=&#8220;{}&#8220;]<\/p>\n<h1>Meine Pickboxen<\/h1>\n<p>[\/et_pb_text][et_pb_divider color=&#8220;rgba(0,0,0,0.12)&#8220; _builder_version=&#8220;4.16&#8243; max_width=&#8220;200px&#8220; height=&#8220;10px&#8220; custom_margin=&#8220;0px||0px||true|false&#8220; custom_padding=&#8220;0px||0px||true|false&#8220; locked=&#8220;off&#8220; global_colors_info=&#8220;{}&#8220;][\/et_pb_divider][et_pb_text _builder_version=&#8220;4.27.0&#8243; _module_preset=&#8220;default&#8220; global_colors_info=&#8220;{}&#8220;]<\/p>\n<p>Ich fand es schon immer schade, meine wundersch\u00f6n gefertigten Plektren mit dem Kleingeld in meiner Tasche zu verwechseln. Deshalb habe ich mich schon fr\u00fch daran gemacht, die ultimativen Plektrenboxen zu entwickeln: kleine Dinge, die sch\u00f6n und praktisch sind.<\/p>\n<p>Im Laufe der Jahre haben sich verschiedene Designrichtungen herauskristallisiert, aber alle werden von dem Wunsch nach einem minimalen und praktischen High-End-Objekt angetrieben, das sich an den High-End-Gitarrenbau anlehnt. Meine Boxen passen alle in die kleine Jeanstasche, so dass sie immer in Reichweite sind und nach Herzenslust mit edlen H\u00f6lzern, Einlegearbeiten, Randeinlagen, Bindungen und Gravuren versehen werden k\u00f6nnen. <\/p>\n<p>[\/et_pb_text][\/et_pb_column_inner][\/et_pb_row_inner][et_pb_row_inner _builder_version=&#8220;4.27.0&#8243; _module_preset=&#8220;default&#8220; custom_padding=&#8220;0px||||false|false&#8220; global_colors_info=&#8220;{}&#8220;][et_pb_column_inner saved_specialty_column_type=&#8220;1_2&#8243; _builder_version=&#8220;4.27.0&#8243; _module_preset=&#8220;default&#8220; global_colors_info=&#8220;{}&#8220;][et_pb_button button_url=&#8220;https:\/\/christophestadler.com\/pickboxes\/&#8220; button_text=&#8220;Entdecken Sie die aktuellen Pickbox-Modelle &#8230;&#8220; _builder_version=&#8220;4.27.0&#8243; _module_preset=&#8220;default&#8220; custom_button=&#8220;on&#8220; button_text_size=&#8220;13px&#8220; button_text_color=&#8220;#FFFFFF&#8220; button_bg_color=&#8220;#056484&#8243; button_border_width=&#8220;1px&#8220; button_border_color=&#8220;#7CDA24&#8243; button_border_radius=&#8220;10px&#8220; button_font=&#8220;|700|on||||||&#8220; button_icon=&#8220;&#x24;||divi||400&#8243; button_icon_color=&#8220;#FFFFFF&#8220; custom_margin=&#8220;||23px||false|false&#8220; custom_padding=&#8220;||||false&#8220; animation_style=&#8220;zoom&#8220; animation_delay=&#8220;900ms&#8220; button_text_shadow_style=&#8220;preset5&#8243; box_shadow_style=&#8220;preset2&#8243; box_shadow_horizontal=&#8220;5px&#8220; box_shadow_blur=&#8220;12px&#8220; box_shadow_spread=&#8220;-6px&#8220; box_shadow_color=&#8220;rgba(0,0,0,0.76)&#8220; global_colors_info=&#8220;{}&#8220;][\/et_pb_button][\/et_pb_column_inner][\/et_pb_row_inner][\/et_pb_column][\/et_pb_section]<\/p>\n","protected":false},"excerpt":{"rendered":"<p>Willkommen in meiner kleinen Welt, in der die Kunst des Designs auf die Seele der Musik trifft. &nbsp; Mit einem Hintergrund als Designer und Ingenieur \u2013 und \u00fcber 40 Jahren Erfahrung als Gitarrist \u2013 gestalte ich jedes Detail mit dem Anspruch, Sch\u00f6nheit und Funktionalit\u00e4t zu vereinen. Doch der Musiker in mir verlangt mehr: ein Instrument, [&hellip;]<\/p>\n","protected":false},"author":1,"featured_media":0,"parent":0,"menu_order":0,"comment_status":"closed","ping_status":"closed","template":"","meta":{"_et_pb_use_builder":"on","_et_pb_old_content":"","_et_gb_content_width":"","footnotes":""},"class_list":["post-1575","page","type-page","status-publish","hentry"],"_links":{"self":[{"href":"https:\/\/christophestadler.com\/de\/wp-json\/wp\/v2\/pages\/1575","targetHints":{"allow":["GET"]}}],"collection":[{"href":"https:\/\/christophestadler.com\/de\/wp-json\/wp\/v2\/pages"}],"about":[{"href":"https:\/\/christophestadler.com\/de\/wp-json\/wp\/v2\/types\/page"}],"author":[{"embeddable":true,"href":"https:\/\/christophestadler.com\/de\/wp-json\/wp\/v2\/users\/1"}],"replies":[{"embeddable":true,"href":"https:\/\/christophestadler.com\/de\/wp-json\/wp\/v2\/comments?post=1575"}],"version-history":[{"count":10,"href":"https:\/\/christophestadler.com\/de\/wp-json\/wp\/v2\/pages\/1575\/revisions"}],"predecessor-version":[{"id":1592,"href":"https:\/\/christophestadler.com\/de\/wp-json\/wp\/v2\/pages\/1575\/revisions\/1592"}],"wp:attachment":[{"href":"https:\/\/christophestadler.com\/de\/wp-json\/wp\/v2\/media?parent=1575"}],"curies":[{"name":"wp","href":"https:\/\/api.w.org\/{rel}","templated":true}]}}